{"id":1597,"date":"2015-04-30T20:04:49","date_gmt":"2015-05-01T01:04:49","guid":{"rendered":"http:\/\/www.linesmanner.com\/?page_id=1597"},"modified":"2022-05-11T09:37:20","modified_gmt":"2022-05-11T14:37:20","slug":"personal-stylist","status":"publish","type":"page","link":"https:\/\/www.linesmanner.com\/fr\/personal-stylist\/","title":{"rendered":"Prestations"},"content":{"rendered":"<p><\/p>\n<h1 style=\"text-align: center;\"><\/h1>\n<h1 style=\"text-align: center;\"><\/h1>\n<h1 style=\"text-align: center;\"><\/h1>\n<h1 style=\"text-align: center;\">Cr\u00e9ez<\/h1>\n<h1 style=\"text-align: center;\">votre tendance mode<\/h1>\n<h1 style=\"text-align: center;\">avec<\/h1>\n<h1 style=\"text-align: center;\">LINES\/MANNER<\/h1>\n<p>&nbsp;<\/p>\n<h2 style=\"text-align: center;\">Services de <strong>stylisme personnalis\u00e9s <\/strong>disponibles.<\/h2>\n<p>&nbsp;<\/p>\n<h3><strong>ETAPE\u00a0 1\u00a0\u00a0\u00a0 \/\u00a0\u00a0 BILAN D&rsquo;IMAGE<br \/>\n<\/strong><\/h3>\n<ul>\n<li>Mise en lumi\u00e8re de vos besoins et de vos attentes.<\/li>\n<li>Analyse de la Colorim\u00e9trie.<\/li>\n<li>Etude de la Morphologie.<\/li>\n<li>Elaboration de votre style personnel.<\/li>\n<\/ul>\n<h3><strong>ETAPE\u00a0 2 \u00a0\u00a0 \/\u00a0\u00a0\u00a0 DETOX DE LA GARDE-ROBE<br \/>\n<\/strong><\/h3>\n<h4><u>Analyse de la garde-robe.<\/u><\/h4>\n<ul>\n<li>Tri des v\u00eatements<\/li>\n<li>Redonner vie aux pi\u00e8ces essentielles<\/li>\n<li>Identification des besoins<\/li>\n<li>Inventaire et Analyse<\/li>\n<li>Id\u00e9es et propositions d\u2019agencement<\/li>\n<li>Pi\u00e8ces tri\u00e9es photographi\u00e9es et class\u00e9es dans votre fiche de Style<br \/>\n<em>R\u00e9f\u00e9rence visuelle primordiale pour les s\u00e9ances shopping afin de bien agencer les v\u00eatements actuels aux nouvelles acquisitions.<\/em><\/li>\n<\/ul>\n<p>Elaboration d\u2019une liste de recommandations et suggestions, plan d\u2019achat pour la saison. Ouverture de dossier, d\u00e9placement \u00e0 domicile, analyse de la garde-robe\u00a0: prix sur demande.<\/p>\n<p>&nbsp;<\/p>\n<p>&nbsp;<\/p>\n<h3><strong>ETAPE 3 \u00a0\u00a0 \/\u00a0\u00a0 SHOPPING PERSONNALIS\u00c9<\/strong><\/h3>\n<ul>\n<li>Pr\u00e9-s\u00e9lection des pi\u00e8ces adapt\u00e9es<\/li>\n<li>S\u00e9ance d\u2019essayage (\u00e0 l&rsquo;atelier\/bureau ou \u00e0 domicile)<\/li>\n<\/ul>\n<p>Evaluation des besoins, pr\u00e9-s\u00e9lection dans les boutiques avec ou sans votre pr\u00e9sence, essayage d\u2019une garde-robe personnalis\u00e9e\u00a0: prix sur demande.<\/p>\n<p><strong>\u00a0<\/strong><\/p>\n<p>&nbsp;<\/p>\n<h3><strong>ETAPE 4 \u00a0\u00a0 \/\u00a0\u00a0 LOOKBOOK<\/strong><\/h3>\n<ul>\n<li>Cr\u00e9ation d\u2019un lookbook personnalis\u00e9 (ou guide d\u2019agencement) \u00e0 partir de vos v\u00eatements de base et de vos nouveaux v\u00eatements.<\/li>\n<\/ul>\n<p>Elaboration d\u2019une liste de recommandation et d\u00e9placement \u00e0 domicile\u00a0: prix sur demande.<\/p>\n<p><em><u>Vous avez le choix de suivre\u00a0: les trois \u00e9tapes, les deux premi\u00e8res \u00e9tapes, ou seulement la premi\u00e8re \u00e9tape.<\/u><\/em><\/p>\n<p><em>\u00a0<\/em><\/p>\n<h3><strong>FORFAIT SUR MESURE\u00a0\/ Petit Budget<br \/>\nou FORFAIT EXPRESS\u00a0 pour les plus press\u00e9es.<\/strong><\/h3>\n<h4><strong><em>En fonction des besoins sp\u00e9cifiques.<\/em><\/strong><\/h4>\n<ul>\n<li>Analyse du profil<\/li>\n<li>Conseil silhouette et style<\/li>\n<li>Analyse Express de la garde-robe<\/li>\n<li>Suggestion d\u2019agencement<\/li>\n<li>Suggestion d\u2019achat<\/li>\n<li>Bonnes adresses<\/li>\n<\/ul>\n<p><em><u>Pour un second rendez-vous \u00e0 l\u2019ann\u00e9e si besoin, les frais seront divis\u00e9s par deux. Le suivi \u00e0 l\u2019ann\u00e9e, quant \u00e0 lui, est gratuit.<\/u><\/em><\/p>\n<p>N&rsquo;h\u00e9sitez pas \u00e0 me contacter pour toutes questions et\/ou informations suppl\u00e9mentaires.<\/p>\n<p>Lysiane-Marie, Lines\/Manner.<\/p>\n<p>&nbsp;<\/p>","protected":false},"excerpt":{"rendered":"<p>Cr\u00e9ez votre tendance mode avec LINES\/MANNER &nbsp; Services de stylisme personnalis\u00e9s disponibles. &nbsp; ETAPE\u00a0 1\u00a0\u00a0\u00a0 \/\u00a0\u00a0 BILAN D&rsquo;IMAGE Mise en lumi\u00e8re de vos besoins et de vos attentes. Analyse de la Colorim\u00e9trie. Etude de la Morphologie. Elaboration de votre style &hellip; <a href=\"https:\/\/www.linesmanner.com\/fr\/personal-stylist\/\">Continue reading <span class=\"meta-nav\">&rarr;<\/span><\/a><\/p>\n","protected":false},"author":1,"featured_media":0,"parent":0,"menu_order":0,"comment_status":"open","ping_status":"open","template":"","meta":{"_mi_skip_tracking":false,"_monsterinsights_sitenote_active":false,"_monsterinsights_sitenote_note":"","_monsterinsights_sitenote_category":0,"footnotes":""},"aioseo_notices":[],"_links":{"self":[{"href":"https:\/\/www.linesmanner.com\/fr\/wp-json\/wp\/v2\/pages\/1597"}],"collection":[{"href":"https:\/\/www.linesmanner.com\/fr\/wp-json\/wp\/v2\/pages"}],"about":[{"href":"https:\/\/www.linesmanner.com\/fr\/wp-json\/wp\/v2\/types\/page"}],"author":[{"embeddable":true,"href":"https:\/\/www.linesmanner.com\/fr\/wp-json\/wp\/v2\/users\/1"}],"replies":[{"embeddable":true,"href":"https:\/\/www.linesmanner.com\/fr\/wp-json\/wp\/v2\/comments?post=1597"}],"version-history":[{"count":6,"href":"https:\/\/www.linesmanner.com\/fr\/wp-json\/wp\/v2\/pages\/1597\/revisions"}],"predecessor-version":[{"id":20595,"href":"https:\/\/www.linesmanner.com\/fr\/wp-json\/wp\/v2\/pages\/1597\/revisions\/20595"}],"wp:attachment":[{"href":"https:\/\/www.linesmanner.com\/fr\/wp-json\/wp\/v2\/media?parent=1597"}],"curies":[{"name":"wp","href":"https:\/\/api.w.org\/{rel}","templated":true}]}}