{"id":20581,"date":"2022-05-11T06:40:18","date_gmt":"2022-05-11T11:40:18","guid":{"rendered":"https:\/\/www.linesmanner.com\/?page_id=20581"},"modified":"2022-05-16T08:15:23","modified_gmt":"2022-05-16T13:15:23","slug":"image-consultant","status":"publish","type":"page","link":"https:\/\/www.linesmanner.com\/fr\/image-consultant\/","title":{"rendered":"Conseil en Image"},"content":{"rendered":"<p>Diplom\u00e9e d\u2019un Master Psychologie et d\u2019une \u00e9cole de Stylisme, ma premi\u00e8re exp\u00e9rience professionnelle alliant ces deux p\u00f4les a pris naissance au Canada.<\/p>\n<p>J\u2019ai d\u00e9but\u00e9 en tant qu\u2019Assistante Styliste priv\u00e9e sur Montr\u00e9al o\u00f9 relations humaines et mode allaient de pair. A ce jour, je suis Consultante en image\/Coach en D\u00e9veloppement personnel en r\u00e9gion Bordelaise.<\/p>\n<p>Mon r\u00f4le est d\u2019accompagner mes clientes en qu\u00eate de renouveau, de leur transmettre mes connaissances gr\u00e2ce \u00e0 mon expertise, de les conseiller sur les pi\u00e8ces mettant en valeur leurs atouts et leur permettre de se r\u00e9v\u00e9ler au travers de celles qui leur ressemblent, les conditionner \u00e0 un regard neuf, les guider vers une valorisation de leur image ou s\u2019en r\u00e9concilier, et enfin leur redonner confiance.<\/p>\n<p>Entretenir des relations privil\u00e9gi\u00e9es avec mes clients et leur accorder des s\u00e9ances personnalis\u00e9es est au c\u0153ur de mon m\u00e9tier.<\/p>\n<p>Mon activit\u00e9 dans le Conseil en Image est r\u00e9guli\u00e8rement confondu avec celui du Relooking.<br \/>\nContrairement au Relooking qui est succinct, qui se cantonne seulement \u00e0 un accompagnement shopping, qui est une exp\u00e9rience sur un tr\u00e8s court terme et qui s\u2019axe sur la transformation plut\u00f4t que sur une \u00e9volution ou une transmission, mes services vont quant \u00e0 eux permettre \u00e0 mes clientes de les rendre autonomes sur le long terme, de leur construire une image positive et authentique, d\u2019accro\u00eetre leur assurance pour arriver \u00e0 mon objectif final\u00a0: leur \u00e9panouissement.<\/p>\n<p>&nbsp;<\/p>","protected":false},"excerpt":{"rendered":"<p>Diplom\u00e9e d\u2019un Master Psychologie et d\u2019une \u00e9cole de Stylisme, ma premi\u00e8re exp\u00e9rience professionnelle alliant ces deux p\u00f4les a pris naissance au Canada. J\u2019ai d\u00e9but\u00e9 en tant qu\u2019Assistante Styliste priv\u00e9e sur Montr\u00e9al o\u00f9 relations humaines et mode allaient de pair. A &hellip; <a href=\"https:\/\/www.linesmanner.com\/fr\/image-consultant\/\">Continue reading <span class=\"meta-nav\">&rarr;<\/span><\/a><\/p>\n","protected":false},"author":1,"featured_media":0,"parent":0,"menu_order":0,"comment_status":"closed","ping_status":"closed","template":"","meta":{"_mi_skip_tracking":false,"_monsterinsights_sitenote_active":false,"_monsterinsights_sitenote_note":"","_monsterinsights_sitenote_category":0,"footnotes":""},"aioseo_notices":[],"_links":{"self":[{"href":"https:\/\/www.linesmanner.com\/fr\/wp-json\/wp\/v2\/pages\/20581"}],"collection":[{"href":"https:\/\/www.linesmanner.com\/fr\/wp-json\/wp\/v2\/pages"}],"about":[{"href":"https:\/\/www.linesmanner.com\/fr\/wp-json\/wp\/v2\/types\/page"}],"author":[{"embeddable":true,"href":"https:\/\/www.linesmanner.com\/fr\/wp-json\/wp\/v2\/users\/1"}],"replies":[{"embeddable":true,"href":"https:\/\/www.linesmanner.com\/fr\/wp-json\/wp\/v2\/comments?post=20581"}],"version-history":[{"count":6,"href":"https:\/\/www.linesmanner.com\/fr\/wp-json\/wp\/v2\/pages\/20581\/revisions"}],"predecessor-version":[{"id":20608,"href":"https:\/\/www.linesmanner.com\/fr\/wp-json\/wp\/v2\/pages\/20581\/revisions\/20608"}],"wp:attachment":[{"href":"https:\/\/www.linesmanner.com\/fr\/wp-json\/wp\/v2\/media?parent=20581"}],"curies":[{"name":"wp","href":"https:\/\/api.w.org\/{rel}","templated":true}]}}