{"id":30,"date":"2015-01-06T03:39:43","date_gmt":"2015-01-06T02:39:43","guid":{"rendered":"http:\/\/linesmanpa.cluster011.ovh.net\/?page_id=30"},"modified":"2023-03-21T05:46:03","modified_gmt":"2023-03-21T10:46:03","slug":"contact","status":"publish","type":"page","link":"https:\/\/www.linesmanner.com\/fr\/contact\/","title":{"rendered":"Contact"},"content":{"rendered":"<p><strong>Vous\u00a0souhaitez communiquer\/\u00e9changer?<\/strong><\/p>\n<p>Il vous suffit de remplir l&rsquo;encadr\u00e9 pr\u00e9vu \u00e0 cet effet et une r\u00e9ponse vous sera transmise dans les plus brefs d\u00e9lais.<br \/>\n<strong><br \/>\nVous souhaitez collaborer?<\/strong><\/p>\n<p>Veuillez s&rsquo;il vous pla\u00eet remplir le formulaire \u00e7i-dessous ou \u00e9crire \u00e0 l&rsquo;adresse e-mail suivante:\u00a0<a href=\"mailto:lysianemarie@linesmanner.com\" target=\"_blank\" rel=\"noopener\">lysianemarie@linesmanner.co<wbr \/>m<\/a>.<br \/>\nN&rsquo;h\u00e9sitez pas \u00e0 d\u00e9crire votre marque et ce en quoi, selon vous, celle-ci s&rsquo;associerait \u00e0 l&rsquo;approche et \u00e0 l&rsquo;esth\u00e9tique de Lines\/Manner.<\/p>\n<p>Cela sera un plaisir, par la suite, de vous communiquer le Kit Presse LM. Merci!<\/p>\n<p><div class=\"wpforms-container wpforms-container-full\" id=\"wpforms-20631\"><form id=\"wpforms-form-20631\" class=\"wpforms-validate wpforms-form\" data-formid=\"20631\" method=\"post\" enctype=\"multipart\/form-data\" action=\"\/fr\/wp-json\/wp\/v2\/pages\/30\" data-token=\"c01c53d05b2ab8cc228c70167289b601\"><noscript class=\"wpforms-error-noscript\">Veuillez activer JavaScript dans votre navigateur pour remplir ce formulaire.<\/noscript><div class=\"wpforms-field-container\"><div id=\"wpforms-20631-field_0-container\" class=\"wpforms-field wpforms-field-name\" data-field-id=\"0\"><label class=\"wpforms-field-label\" for=\"wpforms-20631-field_0\">Name <span class=\"wpforms-required-label\">*<\/span><\/label><div class=\"wpforms-field-row wpforms-field-medium\"><div class=\"wpforms-field-row-block wpforms-first wpforms-one-half\"><input type=\"text\" id=\"wpforms-20631-field_0\" class=\"wpforms-field-name-first wpforms-field-required\" name=\"wpforms[fields][0][first]\" required><label for=\"wpforms-20631-field_0\" class=\"wpforms-field-sublabel after \">Pr\u00e9nom<\/label><\/div><div class=\"wpforms-field-row-block wpforms-one-half\"><input type=\"text\" id=\"wpforms-20631-field_0-last\" class=\"wpforms-field-name-last wpforms-field-required\" name=\"wpforms[fields][0][last]\" required><label for=\"wpforms-20631-field_0-last\" class=\"wpforms-field-sublabel after \">Nom<\/label><\/div><\/div><\/div><div id=\"wpforms-20631-field_1-container\" class=\"wpforms-field wpforms-field-email\" data-field-id=\"1\"><label class=\"wpforms-field-label\" for=\"wpforms-20631-field_1\">Email <span class=\"wpforms-required-label\">*<\/span><\/label><input type=\"email\" id=\"wpforms-20631-field_1\" class=\"wpforms-field-medium wpforms-field-required\" name=\"wpforms[fields][1]\" spellcheck=\"false\" required><\/div><div id=\"wpforms-20631-field_2-container\" class=\"wpforms-field wpforms-field-textarea\" data-field-id=\"2\"><label class=\"wpforms-field-label\" for=\"wpforms-20631-field_2\">Comment or Message<\/label><textarea id=\"wpforms-20631-field_2\" class=\"wpforms-field-medium\" name=\"wpforms[fields][2]\" ><\/textarea><\/div><\/div><!-- .wpforms-field-container --><div class=\"wpforms-submit-container\" ><input type=\"hidden\" name=\"wpforms[id]\" value=\"20631\"><input type=\"hidden\" name=\"wpforms[author]\" value=\"1\"><button type=\"submit\" name=\"wpforms[submit]\" id=\"wpforms-submit-20631\" class=\"wpforms-submit\" data-alt-text=\"Sending...\" data-submit-text=\"Submit\" aria-live=\"assertive\" value=\"wpforms-submit\">Submit<\/button><\/div><\/form><\/div>  <!-- .wpforms-container --><\/p>","protected":false},"excerpt":{"rendered":"<p>Vous\u00a0souhaitez communiquer\/\u00e9changer? Il vous suffit de remplir l&rsquo;encadr\u00e9 pr\u00e9vu \u00e0 cet effet et une r\u00e9ponse vous sera transmise dans les plus brefs d\u00e9lais. Vous souhaitez collaborer? Veuillez s&rsquo;il vous pla\u00eet remplir le formulaire \u00e7i-dessous ou \u00e9crire \u00e0 l&rsquo;adresse e-mail suivante:\u00a0lysianemarie@linesmanner.com. &hellip; <a href=\"https:\/\/www.linesmanner.com\/fr\/contact\/\">Continue reading <span class=\"meta-nav\">&rarr;<\/span><\/a><\/p>\n","protected":false},"author":1,"featured_media":0,"parent":0,"menu_order":6,"comment_status":"closed","ping_status":"open","template":"","meta":{"_mi_skip_tracking":false,"_monsterinsights_sitenote_active":false,"_monsterinsights_sitenote_note":"","_monsterinsights_sitenote_category":0,"footnotes":""},"aioseo_notices":[],"_links":{"self":[{"href":"https:\/\/www.linesmanner.com\/fr\/wp-json\/wp\/v2\/pages\/30"}],"collection":[{"href":"https:\/\/www.linesmanner.com\/fr\/wp-json\/wp\/v2\/pages"}],"about":[{"href":"https:\/\/www.linesmanner.com\/fr\/wp-json\/wp\/v2\/types\/page"}],"author":[{"embeddable":true,"href":"https:\/\/www.linesmanner.com\/fr\/wp-json\/wp\/v2\/users\/1"}],"replies":[{"embeddable":true,"href":"https:\/\/www.linesmanner.com\/fr\/wp-json\/wp\/v2\/comments?post=30"}],"version-history":[{"count":13,"href":"https:\/\/www.linesmanner.com\/fr\/wp-json\/wp\/v2\/pages\/30\/revisions"}],"predecessor-version":[{"id":20634,"href":"https:\/\/www.linesmanner.com\/fr\/wp-json\/wp\/v2\/pages\/30\/revisions\/20634"}],"wp:attachment":[{"href":"https:\/\/www.linesmanner.com\/fr\/wp-json\/wp\/v2\/media?parent=30"}],"curies":[{"name":"wp","href":"https:\/\/api.w.org\/{rel}","templated":true}]}}