{"id":35,"date":"2015-01-06T03:39:56","date_gmt":"2015-01-06T02:39:56","guid":{"rendered":"http:\/\/linesmanpa.cluster011.ovh.net\/?page_id=35"},"modified":"2022-05-11T10:06:56","modified_gmt":"2022-05-11T15:06:56","slug":"about","status":"publish","type":"page","link":"https:\/\/www.linesmanner.com\/fr\/about\/","title":{"rendered":"\u00c0 propos"},"content":{"rendered":"<p><img decoding=\"async\" loading=\"lazy\" class=\"aligncenter size-full wp-image-8124\" src=\"https:\/\/www.linesmanner.com\/wp-content\/uploads\/2018\/11\/Leze-10of17.jpg\" alt=\"\" width=\"1500\" height=\"1071\" srcset=\"https:\/\/www.linesmanner.com\/wp-content\/uploads\/2018\/11\/Leze-10of17.jpg 1500w, https:\/\/www.linesmanner.com\/wp-content\/uploads\/2018\/11\/Leze-10of17-600x428.jpg 600w, https:\/\/www.linesmanner.com\/wp-content\/uploads\/2018\/11\/Leze-10of17-768x548.jpg 768w\" sizes=\"(max-width: 1500px) 100vw, 1500px\" \/><\/p>\n<p style=\"text-align: justify;\"><em>Lines\/Manner, by Lysiane-Marie.<\/em><\/p>\n<p style=\"text-align: justify;\">Fondatrice de Lines\/Manner, Lysiane-Marie est \u00e0 ce jour\u00a0 Cr\u00e9atrice de Contenu Digital et Consultante en Image\/Coach en D\u00e9veloppement Personnel bas\u00e9e en France, pr\u00e8s de Bordeaux.<\/p>\n<p><em>Pour + d\u2019informations sur mon m\u00e9tier de consultante en image, se r\u00e9f\u00e9rer \u00e0 l\u2019onglet \u00ab stylisme personnalis\u00e9 \u00bb sur la page d\u2019accueil.<\/em><\/p>\n<p style=\"text-align: justify;\">La mode fait appel \u00e0 son sens du d\u00e9tail et lib\u00e8re son esprit cr\u00e9atif.<br \/>\nSa signature visuelle se compose majoritairement d&rsquo;un style minimaliste, se voit dot\u00e9e d\u2019une attitude, d&rsquo;une palette principalement monochrome et de cette petite t\u00e2che de soleil apparente sur sa joue.\u00a0 L&rsquo;\u00e9tat d&rsquo;esprit dans lequel elle figure au moment de composer ses tenues, \u00e9galement reflets de son intuition, en fait sa ligne directrice.<\/p>\n<p style=\"text-align: justify;\">Lysiane-Marie s\u2019oriente pr\u00e9f\u00e9rablement vers les cr\u00e9ations \u00e9co-responsables, durables, cr\u00e9\u00e9es par de talentueux designers internationaux \u00e9mergeants\/ind\u00e9pendants ou des marques plus ancr\u00e9es. Elle souhaite mettre en lumi\u00e8re ces derniers via son blog ainsi qu\u2019au travers de ses services de stylisme personnalis\u00e9s. Un moyen pour elle d\u2019informer ses lecteurs\/clients que la mode peut \u00eatre ficel\u00e9e selon certaines \u00e9thiques et se voir dot\u00e9e de respectables et in\u00e9galables valeurs.<\/p>\n<p style=\"text-align: justify;\">Au rythme de ses pages seront partag\u00e9s son style personnel, ses d\u00e9couvertes et son go\u00fbt prononc\u00e9 pour la simplicit\u00e9.<\/p>\n<p style=\"text-align: justify;\"><em>Lines\/Manner<\/em> se tient pr\u00eat \u00e0 produire un contenu unique et subtil.<\/p>\n<p style=\"text-align: justify;\">Que son\u00a0univers vous fasse voyager, vous s\u00e9duise et vous comble d\u2019inspirations.<\/p>\n<p><em>\u201cOne eye sees, the other feels.\u201d Paul Klee\u00a0\u00bb<\/em><\/p>\n<p><em>About Collaborations:<\/em><\/p>\n<div>\n<h5 class=\"gmail_default\"><em>En accord avec le FTC regulations des Influencers, tous les articles\u00a0sponsoris\u00e9s par les partenaires de Lysiane-Marie seront mentionn\u00e9s (cf. Collaborations).<br \/>\nAfin de rester totalement authentique, notez qu&rsquo;LM\u00a0s\u00e9lectionne uniquement les marques et designers en phase avec\u00a0l&rsquo;esth\u00e9tique et les valeurs de Lines\/Manner.<\/em><i><br \/>\n<\/i><\/h5>\n<\/div>\n<p>Pour en conna\u00eetre davantage sur Lines\/Manner :<\/p>\n<p><span style=\"text-decoration: underline;\"><em>Au sujet de la mode \u00e9thique:<\/em><\/span><br \/>\n<a href=\"http:\/\/wheretoget.it\/magazine\/what-is-eco-fashion-lysiane-marie\" target=\"_blank\" rel=\"noopener noreferrer\">Interview<\/a> \u00e0 <strong>Paris<\/strong><\/p>\n<p><span style=\"text-decoration: underline;\"><em>Au sujet d&rsquo;un mode de vie minimaliste:<\/em><\/span><br \/>\n<span style=\"text-decoration: underline;\">Interview<\/span> \u00e0 <strong>Londres<\/strong><\/p>\n<p>&nbsp;<\/p>","protected":false},"excerpt":{"rendered":"<p>Lines\/Manner, by Lysiane-Marie. Fondatrice de Lines\/Manner, Lysiane-Marie est \u00e0 ce jour\u00a0 Cr\u00e9atrice de Contenu Digital et Consultante en Image\/Coach en D\u00e9veloppement Personnel bas\u00e9e en France, pr\u00e8s de Bordeaux. Pour + d\u2019informations sur mon m\u00e9tier de consultante en image, se r\u00e9f\u00e9rer &hellip; <a href=\"https:\/\/www.linesmanner.com\/fr\/about\/\">Continue reading <span class=\"meta-nav\">&rarr;<\/span><\/a><\/p>\n","protected":false},"author":1,"featured_media":8124,"parent":0,"menu_order":5,"comment_status":"open","ping_status":"open","template":"","meta":{"_mi_skip_tracking":false,"_monsterinsights_sitenote_active":false,"_monsterinsights_sitenote_note":"","_monsterinsights_sitenote_category":0,"footnotes":""},"aioseo_notices":[],"_links":{"self":[{"href":"https:\/\/www.linesmanner.com\/fr\/wp-json\/wp\/v2\/pages\/35"}],"collection":[{"href":"https:\/\/www.linesmanner.com\/fr\/wp-json\/wp\/v2\/pages"}],"about":[{"href":"https:\/\/www.linesmanner.com\/fr\/wp-json\/wp\/v2\/types\/page"}],"author":[{"embeddable":true,"href":"https:\/\/www.linesmanner.com\/fr\/wp-json\/wp\/v2\/users\/1"}],"replies":[{"embeddable":true,"href":"https:\/\/www.linesmanner.com\/fr\/wp-json\/wp\/v2\/comments?post=35"}],"version-history":[{"count":10,"href":"https:\/\/www.linesmanner.com\/fr\/wp-json\/wp\/v2\/pages\/35\/revisions"}],"predecessor-version":[{"id":20598,"href":"https:\/\/www.linesmanner.com\/fr\/wp-json\/wp\/v2\/pages\/35\/revisions\/20598"}],"wp:featuredmedia":[{"embeddable":true,"href":"https:\/\/www.linesmanner.com\/fr\/wp-json\/wp\/v2\/media\/8124"}],"wp:attachment":[{"href":"https:\/\/www.linesmanner.com\/fr\/wp-json\/wp\/v2\/media?parent=35"}],"curies":[{"name":"wp","href":"https:\/\/api.w.org\/{rel}","templated":true}]}}