{"id":4529,"date":"2016-11-02T10:56:13","date_gmt":"2016-11-02T15:56:13","guid":{"rendered":"http:\/\/www.linesmanner.com\/?page_id=4529"},"modified":"2022-05-11T04:10:56","modified_gmt":"2022-05-11T09:10:56","slug":"linesmanner-biography","status":"publish","type":"page","link":"https:\/\/www.linesmanner.com\/fr\/linesmanner-biography\/","title":{"rendered":"Biographie Lines\/Manner"},"content":{"rendered":"<p><\/p>\n<h4 style=\"text-align: center;\"><\/h4>\n<p style=\"text-align: justify;\">Consultante en image\/coach en d\u00e9veloppement personnel de profession et cr\u00e9atrice\/fondatrice du blog Lines\/Manner, une plateforme ayant pour principale approche la mode minimaliste, moderne, \u00e9thique et monochrome.<\/p>\n<p style=\"text-align: justify;\">Je prime la qualit\u00e9 \u00e0 la quantit\u00e9, ai pour attrait de sensibiliser et d\u2019inciter mes lecteurs \u00e0 consommer moins et mieux (less is more), tout en mettant en lumi\u00e8re des designers \u00e9mergents\/ind\u00e9pendants de qualit\u00e9.<br \/>\nMon journal de style me permet de communiquer les caract\u00e9ristiques de ma profession au dela m\u00eame des fronti\u00e8res et ainsi partager mes connaissances et mes d\u00e9couvertes \u00e0 l\u2019international, et ainsi toucher le maximum de gens int\u00e9ress\u00e9s.<\/p>\n<p style=\"text-align: justify;\">Influenceuse mode est l\u2019une des facettes de mon m\u00e9tier, qui regroupe \u00e0 lui seul une multitude de postes. Il faut savoir g\u00e9rer son propre marketing, le domaine de la communication, la gestion de communaut\u00e9, la r\u00e9daction, les reportings, les mails, les meetings, la cr\u00e9ation artistique, le monde du web, la photographie, la cr\u00e9ation de contenu, la comptabilit\u00e9, les statistiques.. Etre polyvalent est primordial dans la sph\u00e8re du blogging, et il faut vraiment s&rsquo;y consacrer\u00a0pour comprendre qu\u2019il ne s\u2019agit pas l\u00e0 d\u2019un passe-temps.<br \/>\nEtre entrepreneur et vivre de sa passion est un r\u00e9el privil\u00e8ge. L\u2019avantage se trouve particuli\u00e8rement dans le relationnel, les rencontres qu\u2019on y fait, l\u2019avantage de voyager, d\u2019\u00eatre ind\u00e9pendant, mais il requiert \u00e9norm\u00e9ment d\u2019organisation et de responsabilit\u00e9s: Les deadlines, le manque de souplesse des heures de travail, l\u2019inspiration, l\u2019investissement, la planification, les partenariats deviennent partie int\u00e9grante du quotidien. Je me sens cependant compl\u00e8te et totalement investie et je n\u2019\u00e9changerai cela pour rien au monde.<\/p>\n<p style=\"text-align: justify;\">Pour + d&rsquo;informations sur mon m\u00e9tier de consultante en image, se r\u00e9f\u00e9rer \u00e0 l&rsquo;onglet \u00ab\u00a0stylisme personnalis\u00e9\u00a0\u00bb sur la page d&rsquo;accueil.<\/p>\n<p>&nbsp;<\/p>\n<p>&nbsp;<\/p>","protected":false},"excerpt":{"rendered":"<p>Consultante en image\/coach en d\u00e9veloppement personnel de profession et cr\u00e9atrice\/fondatrice du blog Lines\/Manner, une plateforme ayant pour principale approche la mode minimaliste, moderne, \u00e9thique et monochrome. Je prime la qualit\u00e9 \u00e0 la quantit\u00e9, ai pour attrait de sensibiliser et d\u2019inciter &hellip; <a href=\"https:\/\/www.linesmanner.com\/fr\/linesmanner-biography\/\">Continue reading <span class=\"meta-nav\">&rarr;<\/span><\/a><\/p>\n","protected":false},"author":1,"featured_media":0,"parent":0,"menu_order":0,"comment_status":"closed","ping_status":"closed","template":"","meta":{"_mi_skip_tracking":false,"_monsterinsights_sitenote_active":false,"_monsterinsights_sitenote_note":"","_monsterinsights_sitenote_category":0,"footnotes":""},"aioseo_notices":[],"_links":{"self":[{"href":"https:\/\/www.linesmanner.com\/fr\/wp-json\/wp\/v2\/pages\/4529"}],"collection":[{"href":"https:\/\/www.linesmanner.com\/fr\/wp-json\/wp\/v2\/pages"}],"about":[{"href":"https:\/\/www.linesmanner.com\/fr\/wp-json\/wp\/v2\/types\/page"}],"author":[{"embeddable":true,"href":"https:\/\/www.linesmanner.com\/fr\/wp-json\/wp\/v2\/users\/1"}],"replies":[{"embeddable":true,"href":"https:\/\/www.linesmanner.com\/fr\/wp-json\/wp\/v2\/comments?post=4529"}],"version-history":[{"count":0,"href":"https:\/\/www.linesmanner.com\/fr\/wp-json\/wp\/v2\/pages\/4529\/revisions"}],"wp:attachment":[{"href":"https:\/\/www.linesmanner.com\/fr\/wp-json\/wp\/v2\/media?parent=4529"}],"curies":[{"name":"wp","href":"https:\/\/api.w.org\/{rel}","templated":true}]}}