{"id":4548,"date":"2016-11-03T04:22:29","date_gmt":"2016-11-03T09:22:29","guid":{"rendered":"http:\/\/www.linesmanner.com\/?page_id=4548"},"modified":"2018-02-18T09:28:21","modified_gmt":"2018-02-18T14:28:21","slug":"is-hard-to-be-a-minimalist","status":"publish","type":"page","link":"https:\/\/www.linesmanner.com\/fr\/is-hard-to-be-a-minimalist\/","title":{"rendered":"Etre minimaliste"},"content":{"rendered":"<p><\/p>\n<div class=\"page\" title=\"Page 4\">\n<div class=\"section\">\n<div class=\"layoutArea\">\n<div class=\"column\">\n<p style=\"text-align: justify;\">\u00catre minimaliste n\u2019est pas inn\u00e9 et n\u2019est d\u00e9finitivement pas la notion la plus \u00e9vidente \u00e0 mettre en \u0153uvre.<br \/>\nC&rsquo;est un concept qui demande au pr\u00e9alable un maximum de r\u00e9trospection, d\u2019analyse de soi, une r\u00e9vision et une (r\u00e9)\u00e9valuation de ses priorit\u00e9s, une radicale modification des codes qui nous ont fa\u00e7onn\u00e9s.<br \/>\nSe laisser guider au travers de ces \u00e9tapes cl\u00e9s est primordial pour ainsi mieux comprendre\u00a0l\u2019impact positif qu&rsquo;il engendre, de mani\u00e8re b\u00e9n\u00e9fique, \u00e0 notre mode de vie, notre environnement.<\/p>\n<p style=\"text-align: justify;\">\u00catre minimaliste est un travail de tous les jours qui suscite une r\u00e9flexion personnelle s\u2019imposant de mani\u00e8re permanente.<br \/>\nMais comme toute chose, l\u2019investissement personnel et le temps y aidera pour beaucoup jusqu\u2019\u00e0 ce que cela en devienne naturel, jusqu\u2019\u00e0 l\u2019automatisme, tout en restant soi-m\u00eame, fid\u00e8le et \u00e9gal \u00e0 ses valeurs.<br \/>\nSur le long terme, il permettra d&rsquo;\u00e9vincer les parasites n\u00e9gatifs qui nous encercle et nous orientera ais\u00e9ment sur ce qui compte r\u00e9ellement, contribuant \u00e0 la d\u00e9couverte de ce qui est v\u00e9ritablement important et fondamental \u00e0 notre vie.<br \/>\nIl clarifiera notre esprit, nous infligera moins de stress, cessera toute comparaison, \u00a0exclura la peur de l\u2019\u00e9chec, et d\u00e9lestera le superflu pour ainsi faire place aux v\u00e9ritables ressources positives: se sentir bien avec ce que l\u2019on poss\u00e8de, appr\u00e9cier davantage les petites choses de la vie et \u00eatre vivement reconnaissant de celle-ci.<\/p>\n<\/div>\n<\/div>\n<\/div>\n<\/div>\n<p><\/p>","protected":false},"excerpt":{"rendered":"<p>\u00catre minimaliste n\u2019est pas inn\u00e9 et n\u2019est d\u00e9finitivement pas la notion la plus \u00e9vidente \u00e0 mettre en \u0153uvre. C&rsquo;est un concept qui demande au pr\u00e9alable un maximum de r\u00e9trospection, d\u2019analyse de soi, une r\u00e9vision et une (r\u00e9)\u00e9valuation de ses priorit\u00e9s, &hellip; <a href=\"https:\/\/www.linesmanner.com\/fr\/is-hard-to-be-a-minimalist\/\">Continue reading <span class=\"meta-nav\">&rarr;<\/span><\/a><\/p>\n","protected":false},"author":1,"featured_media":0,"parent":0,"menu_order":0,"comment_status":"closed","ping_status":"closed","template":"","meta":{"_mi_skip_tracking":false,"_monsterinsights_sitenote_active":false,"_monsterinsights_sitenote_note":"","_monsterinsights_sitenote_category":0,"footnotes":""},"aioseo_notices":[],"_links":{"self":[{"href":"https:\/\/www.linesmanner.com\/fr\/wp-json\/wp\/v2\/pages\/4548"}],"collection":[{"href":"https:\/\/www.linesmanner.com\/fr\/wp-json\/wp\/v2\/pages"}],"about":[{"href":"https:\/\/www.linesmanner.com\/fr\/wp-json\/wp\/v2\/types\/page"}],"author":[{"embeddable":true,"href":"https:\/\/www.linesmanner.com\/fr\/wp-json\/wp\/v2\/users\/1"}],"replies":[{"embeddable":true,"href":"https:\/\/www.linesmanner.com\/fr\/wp-json\/wp\/v2\/comments?post=4548"}],"version-history":[{"count":18,"href":"https:\/\/www.linesmanner.com\/fr\/wp-json\/wp\/v2\/pages\/4548\/revisions"}],"predecessor-version":[{"id":7515,"href":"https:\/\/www.linesmanner.com\/fr\/wp-json\/wp\/v2\/pages\/4548\/revisions\/7515"}],"wp:attachment":[{"href":"https:\/\/www.linesmanner.com\/fr\/wp-json\/wp\/v2\/media?parent=4548"}],"curies":[{"name":"wp","href":"https:\/\/api.w.org\/{rel}","templated":true}]}}