{"id":6865,"date":"2017-09-29T12:41:09","date_gmt":"2017-09-29T17:41:09","guid":{"rendered":"https:\/\/www.linesmanner.com\/?page_id=6865"},"modified":"2017-09-29T12:41:09","modified_gmt":"2017-09-29T17:41:09","slug":"privacy-policy-disclosure","status":"publish","type":"page","link":"https:\/\/www.linesmanner.com\/fr\/privacy-policy-disclosure\/","title":{"rendered":"Politique de Confidentialit\u00e9"},"content":{"rendered":"<p><\/p>\n<h3><strong>Le marketing d&rsquo;affiliation<\/strong><\/h3>\n<p>Lines\/Manner (LM) participe \u00e0 des programmes d&rsquo;affiliation et re\u00e7oit une commission lorsque des produits sont achet\u00e9s via les liens pr\u00e9sent sur ce site. Par cons\u00e9quent, ces liens aident \u00e0 soutenir le travail de stylisme et r\u00e9daction de LM.<\/p>\n<h3><strong>Quand et quelles informations personnelles est-ce que LM collecte?<\/strong><\/h3>\n<p>LM recueille uniquement votre nom et votre courrier \u00e9lectronique lorsque vous vous abonnez \u00e0 la newsletter ou compl\u00e9tez un formulaire, rien de plus.<\/p>\n<h3><strong>LM utilise-t-il des \u00abcookies\u00bb?<\/strong><\/h3>\n<p>Oui. Les cookies sont de petits fichiers qu&rsquo;un site ou son fournisseur de service transf\u00e8re sur le disque dur de votre ordinateur via votre navigateur Web (si vous le permettez) qui permet aux syst\u00e8mes du fournisseur de services ou de sites de reconna\u00eetre votre navigateur et de capturer et de se souvenir de certaines informations. Les cookies ne sont utilis\u00e9s que pour les liens affili\u00e9s.<\/p>\n<h3><strong>Divulgation \u00e0 des tiers<\/strong><\/h3>\n<p>LM ne loue pas, ne vend pas et ne partage d\u2019aucune fa\u00e7on les donn\u00e9es relatives \u00e0 ses clients avec des soci\u00e9t\u00e9s commerciales externes. LM partage vos donn\u00e9es de client avec ses prestataires de services de confiance qui ont besoin d\u2019acc\u00e9der \u00e0 ces informations pour fournir des services de soutien op\u00e9rationnel ou autres. Ces fournisseurs doivent se conformer \u00e0 nos politiques de conformit\u00e9 et de protection des donn\u00e9es. LM est \u00e9galement susceptibles de fournir des renseignements aux autorit\u00e9s de r\u00e9glementation et d\u2019application des lois conform\u00e9ment \u00e0 la l\u00e9gislation en vigueur ou si LM pense en toute bonne foi que la loi l\u2019exige.<\/p>\n<h3><strong>Conformit\u00e9 \u00e0 la California Online Privacy Protection Act<\/strong><\/h3>\n<p>LM a pris les pr\u00e9cautions n\u00e9cessaires pour \u00eatre conforme \u00e0 la California Online Privacy Protection Act (Loi de la Californie sur la protection de la vie priv\u00e9e en ligne). Ainsi, nous ne transmettrons pas vos renseignements personnels \u00e0 des tiers sans votre consentement. Dans le cadre de la cette loi, tous les utilisateurs de notre site peuvent apporter des modifications \u00e0 leurs renseignements \u00e0 tout moment en acc\u00e9dant \u00e0 leur panneau de configuration et en choisissant la page \u00ab Modifier le profil \u00bb.<\/p>\n<h3><strong>Conformit\u00e9 \u00e0 la Childrens Online Privacy Protection Act (COPPA)<\/strong><\/h3>\n<p>LM est en conformit\u00e9 avec les exigences de la COPPA (Loi sur la protection de la vie priv\u00e9e des enfants en ligne), nous ne recueillons aucun renseignement sur quiconque \u00e2g\u00e9 de moins de 13 ans. Notre site Web, nos produits et nos services s\u2019adressent tous \u00e0 des gens \u00e2g\u00e9s de 13 ans ou plus.<\/p>\n<h3><strong>Modifications apport\u00e9es \u00e0 la politique de confidentialit\u00e9 LM<br \/>\n<\/strong><\/h3>\n<p>Toute modification de la Politique de Confidentialit\u00e9 LM sera affich\u00e9e sur cette page. Cette politique de confidentialit\u00e9 a \u00e9t\u00e9 modifi\u00e9e pour la derni\u00e8re fois le 28 septembre 2017.<\/p>\n<h3><strong>Contactez-nous<\/strong><\/h3>\n<p>Si vous avez des questions concernant cette politique de confidentialit\u00e9, vous pouvez nous contacter en utilisant les informations ci-dessous.<\/p>\n<p>Lines\/Manner<br \/>\n40bis rue Lachassaigne<br \/>\nBordeaux, 33000<br \/>\nFrance<br \/>\n<a href=\"mailto:support@linesmanner.com\">support@linesmanner.com<\/a><\/p>","protected":false},"excerpt":{"rendered":"<p>Le marketing d&rsquo;affiliation Lines\/Manner (LM) participe \u00e0 des programmes d&rsquo;affiliation et re\u00e7oit une commission lorsque des produits sont achet\u00e9s via les liens pr\u00e9sent sur ce site. Par cons\u00e9quent, ces liens aident \u00e0 soutenir le travail de stylisme et r\u00e9daction de &hellip; <a href=\"https:\/\/www.linesmanner.com\/fr\/privacy-policy-disclosure\/\">Continue reading <span class=\"meta-nav\">&rarr;<\/span><\/a><\/p>\n","protected":false},"author":1,"featured_media":0,"parent":0,"menu_order":0,"comment_status":"closed","ping_status":"closed","template":"","meta":{"_mi_skip_tracking":false,"_monsterinsights_sitenote_active":false,"_monsterinsights_sitenote_note":"","_monsterinsights_sitenote_category":0,"footnotes":""},"aioseo_notices":[],"_links":{"self":[{"href":"https:\/\/www.linesmanner.com\/fr\/wp-json\/wp\/v2\/pages\/6865"}],"collection":[{"href":"https:\/\/www.linesmanner.com\/fr\/wp-json\/wp\/v2\/pages"}],"about":[{"href":"https:\/\/www.linesmanner.com\/fr\/wp-json\/wp\/v2\/types\/page"}],"author":[{"embeddable":true,"href":"https:\/\/www.linesmanner.com\/fr\/wp-json\/wp\/v2\/users\/1"}],"replies":[{"embeddable":true,"href":"https:\/\/www.linesmanner.com\/fr\/wp-json\/wp\/v2\/comments?post=6865"}],"version-history":[{"count":7,"href":"https:\/\/www.linesmanner.com\/fr\/wp-json\/wp\/v2\/pages\/6865\/revisions"}],"predecessor-version":[{"id":6872,"href":"https:\/\/www.linesmanner.com\/fr\/wp-json\/wp\/v2\/pages\/6865\/revisions\/6872"}],"wp:attachment":[{"href":"https:\/\/www.linesmanner.com\/fr\/wp-json\/wp\/v2\/media?parent=6865"}],"curies":[{"name":"wp","href":"https:\/\/api.w.org\/{rel}","templated":true}]}}